{"id":29,"date":"2022-06-27T16:02:11","date_gmt":"2022-06-27T16:02:11","guid":{"rendered":"https:\/\/businesszedirenze.com.pe\/?page_id=29"},"modified":"2023-03-11T03:32:27","modified_gmt":"2023-03-11T03:32:27","slug":"contacto","status":"publish","type":"page","link":"https:\/\/businesszedirenze.com.pe\/index.php\/contacto\/","title":{"rendered":"Contacto"},"content":{"rendered":"\n<div class=\"wp-block-columns alignfull is-layout-flex wp-container-core-columns-is-layout-9d6595d7 wp-block-columns-is-layout-flex\">\n<div class=\"wp-block-column is-layout-flow wp-block-column-is-layout-flow\">\n<div style=\"width: 100%\"><iframe src=\"https:\/\/www.google.com\/maps\/embed?pb=!1m18!1m12!1m3!1d974.8669204691062!2d-76.91054947077428!3d-12.216580688724529!2m3!1f0!2f0!3f0!3m2!1i1024!2i768!4f13.1!3m3!1m2!1s0x9105bc0252241757%3A0x8f06d68655de5c75!2sJr.%20Sim%C3%B3n%20Bol%C3%ADvar%201281%2C%20Lima%2015822!5e0!3m2!1ses-419!2spe!4v1678147916141!5m2!1ses-419!2spe\" width=\"100%\" height=\"400\" style=\"border:0;\" allowfullscreen=\"\" loading=\"lazy\" referrerpolicy=\"no-referrer-when-downgrade\"><\/iframe><\/div>\n\n\n\n<p><\/p>\n<\/div>\n<\/div>\n\n\n\n<div class=\"wp-block-columns container is-layout-flex wp-container-core-columns-is-layout-9d6595d7 wp-block-columns-is-layout-flex\">\n<div class=\"wp-block-column is-vertically-aligned-center is-layout-flow wp-block-column-is-layout-flow\">\n<h2 class=\"hestia-title wp-block-heading\">Mandanos un mensaje<\/h2>\n\n\n\n<div style=\"height:40px\" aria-hidden=\"true\" class=\"wp-block-spacer\"><\/div>\n\n\n<div class=\"wpforms-container wpforms-container-full\" id=\"wpforms-63\"><form id=\"wpforms-form-63\" class=\"wpforms-validate wpforms-form\" data-formid=\"63\" method=\"post\" enctype=\"multipart\/form-data\" action=\"\/index.php\/wp-json\/wp\/v2\/pages\/29\" data-token=\"13493a24b4747f17d95badbd193c5351\"><noscript class=\"wpforms-error-noscript\">Por favor, activa JavaScript en tu navegador para completar este formulario.<\/noscript><div class=\"wpforms-field-container\"><div id=\"wpforms-63-field_0-container\" class=\"wpforms-field wpforms-field-name wpforms-one-half wpforms-first\" data-field-id=\"0\"><label class=\"wpforms-field-label wpforms-label-hide\" for=\"wpforms-63-field_0\">Nombre <span class=\"wpforms-required-label\">*<\/span><\/label><input type=\"text\" id=\"wpforms-63-field_0\" class=\"wpforms-field-large wpforms-field-required\" name=\"wpforms[fields][0]\" placeholder=\"Nombre y Apellidos\" required><\/div><div id=\"wpforms-63-field_3-container\" class=\"wpforms-field wpforms-field-email wpforms-one-half\" data-field-id=\"3\"><label class=\"wpforms-field-label wpforms-label-hide\" for=\"wpforms-63-field_3\">Email <span class=\"wpforms-required-label\">*<\/span><\/label><input type=\"email\" id=\"wpforms-63-field_3\" class=\"wpforms-field-large wpforms-field-required\" name=\"wpforms[fields][3]\" placeholder=\"Correo\" required><\/div><div id=\"wpforms-63-field_4-container\" class=\"wpforms-field wpforms-field-text\" data-field-id=\"4\"><label class=\"wpforms-field-label wpforms-label-hide\" for=\"wpforms-63-field_4\">Asunto<\/label><input type=\"text\" id=\"wpforms-63-field_4\" class=\"wpforms-field-large\" name=\"wpforms[fields][4]\" placeholder=\"Asunto\" ><\/div><div id=\"wpforms-63-field_2-container\" class=\"wpforms-field wpforms-field-textarea\" data-field-id=\"2\"><label class=\"wpforms-field-label wpforms-label-hide\" for=\"wpforms-63-field_2\">Mensaje <span class=\"wpforms-required-label\">*<\/span><\/label><textarea id=\"wpforms-63-field_2\" class=\"wpforms-field-medium wpforms-field-required\" name=\"wpforms[fields][2]\" placeholder=\"Mensaje\" required><\/textarea><\/div><\/div><div class=\"wpforms-submit-container\"><input type=\"hidden\" name=\"wpforms[id]\" value=\"63\"><input type=\"hidden\" name=\"wpforms[author]\" value=\"1\"><button type=\"submit\" name=\"wpforms[submit]\" id=\"wpforms-submit-63\" class=\"wpforms-submit\" data-alt-text=\"Enviando...\" data-submit-text=\"Enviar\" aria-live=\"assertive\" value=\"wpforms-submit\">Enviar<\/button><\/div><\/form><\/div>  <!-- .wpforms-container --><\/div>\n\n\n\n<div class=\"wp-block-column is-vertically-aligned-center is-layout-flow wp-block-column-is-layout-flow\">\n<div class=\"wp-block-columns is-layout-flex wp-container-core-columns-is-layout-9d6595d7 wp-block-columns-is-layout-flex\">\n<div class=\"wp-block-column is-layout-flow wp-block-column-is-layout-flow\"><\/div>\n\n\n\n<div class=\"wp-block-column is-layout-flow wp-block-column-is-layout-flow\" style=\"flex-basis:50%\">\n<h4 class=\"has-text-align-left hestia-title has-text-color wp-block-heading\" style=\"color:#3c4858;font-size:18px\"><img decoding=\"async\" class=\"wp-image-86\" style=\"width: 25px;\" src=\"https:\/\/businesszedirenze.com.pe\/wp-content\/themes\/hestia\/assets\/img\/contact1.png\" alt=\"Map icon\">  <strong>Oficina Principal<\/strong><\/h4>\n\n\n\n<p class=\"has-text-align-left has-text-color\" style=\"color:#999999;font-size:14px\">Jr. Simon Bol\u00edvar N\u00b0 1178 Dpto UND 2 Urb. Jose Galvez B. Distrito&nbsp;VMT&nbsp;&nbsp;LIMA&nbsp;&nbsp;LIMA<\/p>\n\n\n\n<div style=\"height:40px\" aria-hidden=\"true\" class=\"wp-block-spacer\"><\/div>\n\n\n\n<h4 class=\"has-text-align-left hestia-title has-text-color wp-block-heading\" style=\"color:#3c4858;font-size:18px\"><img decoding=\"async\" class=\"wp-image-98\" style=\"width: 25px;\" src=\"https:\/\/businesszedirenze.com.pe\/wp-content\/themes\/hestia\/assets\/img\/contact2.png\" alt=\"\">  Tel\u00e9fono<\/h4>\n\n\n\n<p class=\"has-text-align-left has-text-color\" style=\"color:#999999;font-size:14px\">Call Center<br>+51989738079<br>Lunes a viernes 9:00 &#8211; 6:00 PM S\u00e1bados 9:00 &#8211; 1:00 PM.<\/p>\n\n\n\n<div style=\"height:40px\" aria-hidden=\"true\" class=\"wp-block-spacer\"><\/div>\n\n\n\n<h4 class=\"has-text-align-left hestia-title has-text-color wp-block-heading\" style=\"color:#3c4858;font-size:18px\"><img decoding=\"async\" class=\"wp-image-105\" style=\"width: 25px;\" src=\"https:\/\/businesszedirenze.com.pe\/wp-content\/themes\/hestia\/assets\/img\/contact3.png\" alt=\"\"><strong>  Casilla <strong>Legal<\/strong><\/strong><\/h4>\n\n\n\n<p class=\"has-text-align-left has-text-color\" style=\"color:#999999;font-size:14px\">Jr. Sim\u00f3n Bolivar 1281<br>Codigo postal: 15001<br>administracion@businesszedirenze.com.pe<\/p>\n<\/div>\n\n\n\n<div class=\"wp-block-column is-layout-flow wp-block-column-is-layout-flow\"><\/div>\n<\/div>\n<\/div>\n<\/div>\n\n\n\n<p><\/p>\n","protected":false},"excerpt":{"rendered":"<p>Mandanos un mensaje Oficina Principal Jr. Simon Bol\u00edvar N\u00b0 1178 Dpto UND 2 Urb. Jose Galvez B. Distrito&nbsp;VMT&nbsp;&nbsp;LIMA&nbsp;&nbsp;LIMA Tel\u00e9fono Call Center+51989738079Lunes a viernes 9:00 &#8211; 6:00 PM S\u00e1bados 9:00 &#8211; 1:00 PM. Casilla Legal Jr. Sim\u00f3n Bolivar 1281Codigo postal: 15001administracion@businesszedirenze.com.pe<\/p>\n","protected":false},"author":1,"featured_media":21,"parent":0,"menu_order":0,"comment_status":"closed","ping_status":"closed","template":"page-templates\/template-pagebuilder-full-width.php","meta":{"footnotes":""},"class_list":["post-29","page","type-page","status-publish","has-post-thumbnail","hentry"],"_links":{"self":[{"href":"https:\/\/businesszedirenze.com.pe\/index.php\/wp-json\/wp\/v2\/pages\/29","targetHints":{"allow":["GET"]}}],"collection":[{"href":"https:\/\/businesszedirenze.com.pe\/index.php\/wp-json\/wp\/v2\/pages"}],"about":[{"href":"https:\/\/businesszedirenze.com.pe\/index.php\/wp-json\/wp\/v2\/types\/page"}],"author":[{"embeddable":true,"href":"https:\/\/businesszedirenze.com.pe\/index.php\/wp-json\/wp\/v2\/users\/1"}],"replies":[{"embeddable":true,"href":"https:\/\/businesszedirenze.com.pe\/index.php\/wp-json\/wp\/v2\/comments?post=29"}],"version-history":[{"count":16,"href":"https:\/\/businesszedirenze.com.pe\/index.php\/wp-json\/wp\/v2\/pages\/29\/revisions"}],"predecessor-version":[{"id":238,"href":"https:\/\/businesszedirenze.com.pe\/index.php\/wp-json\/wp\/v2\/pages\/29\/revisions\/238"}],"wp:featuredmedia":[{"embeddable":true,"href":"https:\/\/businesszedirenze.com.pe\/index.php\/wp-json\/wp\/v2\/media\/21"}],"wp:attachment":[{"href":"https:\/\/businesszedirenze.com.pe\/index.php\/wp-json\/wp\/v2\/media?parent=29"}],"curies":[{"name":"wp","href":"https:\/\/api.w.org\/{rel}","templated":true}]}}